{"id":272,"date":"2021-06-21T10:53:08","date_gmt":"2021-06-21T10:53:08","guid":{"rendered":"https:\/\/foodnected.org\/?page_id=272"},"modified":"2021-07-27T17:38:23","modified_gmt":"2021-07-27T17:38:23","slug":"news","status":"publish","type":"page","link":"https:\/\/foodnected.org\/it\/news\/","title":{"rendered":"Notizie"},"content":{"rendered":"<!--themify_builder_content-->\n<div id=\"themify_builder_content-272\" data-postid=\"272\" class=\"themify_builder_content themify_builder_content-272 themify_builder tf_clear\">\n    \t\t\t\t<!-- module_row -->\n\t\t<div  data-css_id=\"vthq212\" data-lazy=\"1\" class=\"module_row themify_builder_row fullwidth tb_vthq212 tb_first tf_w tf_clearfix\">\n\t\t<div class=\"builder_row_cover tf_abs\"><\/div>\t\t\t<div class=\"row_inner col_align_top tb_col_count_1 tf_box tf_rel\">\n\t\t\t\t\t<div  data-lazy=\"1\" class=\"module_column tb-column col-full tb_qaxz213 first\">\n\t\t\t\t\t\t\t\t\t<div class=\"tb-column-inner tf_box tf_w\">\n\t\t\t\t\t\t<div  data-lazy=\"1\" class=\"module_subrow themify_builder_sub_row tb_lda7213 tf_w tf_clearfix\">\n\t\t\t\t\t<div class=\"subrow_inner col_align_top tb_col_count_3 tf_box tf_w\">\n\t\t\t\t\t<div  data-lazy=\"1\" class=\"module_column sub_column col3-1 tb_ffnw215 first\">\n\t\t\t\t\t\t\t\t\t<div class=\"tb-column-inner tf_box tf_w\">\n\t\t\t\t<!-- module icon -->\n<div  class=\"module module-icon tb_sec3216  large circle icon_horizontal tf_textl\" data-lazy=\"1\">\n\t\t\t<div class=\"module-icon-item\">\n\t\t\t\t\t\t\t\t\t\t\t\t\t\t\t\t<img loading=\"lazy\" decoding=\"async\" width=\"58\" height=\"58\" src=\"https:\/\/foodnected.org\/wp-content\/uploads\/2021\/06\/leaf-icon.png\" class=\"tf_box wp-post-image wp-image-79\" title=\"Notizie\" alt=\"News\">\t\t\t\t\t\t\t\t\t\t\t\t\t\t\t\t\t\t\t<span>Notizie<\/span>\n\t\t\t\t\t\t\t\t\t\t\t\t\t\t\t<\/div>\n\t<\/div>\n<!-- \/module icon -->\n\t\t\t\t<\/div><!-- .tb-column-inner -->\n\t\t\t\t\t\t<\/div><!-- .module_column -->\n\t\t\t\t\t<div  data-lazy=\"1\" class=\"module_column sub_column col3-1 tb_2vfe216\">\n\t\t\t\t\t\t\t<\/div><!-- .module_column -->\n\t\t\t\t\t<div  data-lazy=\"1\" class=\"module_column sub_column col3-1 tb_fxpc217 last\">\n\t\t\t\t\t\t\t<\/div><!-- .module_column -->\n\t\t\t\t\t\t<\/div><!-- .subrow_inner -->\n\t\t<\/div><!-- .themify_builder_sub_row -->\n\t\t\t\t\t\t<div  data-lazy=\"1\" class=\"module_subrow themify_builder_sub_row tb_k774217 tf_w tf_clearfix\">\n\t\t\t\t\t<div class=\"subrow_inner col_align_top tb_col_count_1 tf_box tf_w\">\n\t\t\t\t\t<div  data-lazy=\"1\" class=\"module_column sub_column col-full tb_ixep218 first\">\n\t\t\t\t\t\t\t\t\t<div class=\"tb-column-inner tf_box tf_w\">\n\t\t\t\t<!-- module post -->\n<div  class=\"module module-post tb_rfkk519\">\n        <div  class=\"builder-posts-wrap loops-wrapper list-thumb-image classic tf_clear tf_clearfix\" data-lazy=\"1\">\n\t<article id=\"post-692\" class=\"post tf_clearfix post-692 type-post status-publish format-standard hentry category-uncategorized tag-overshoot-day has-post-title no-post-date has-post-category has-post-tag has-post-comment has-post-author\">\n\t    \n\t\t<div class=\"post-content\">\n\t\t<div class=\"post-content-inner\">\n\n\t\t\t\n\t\t\t<h2 class=\"post-title entry-title\"><a href=\"https:\/\/foodnected.org\/it\/earth-overshoot-day-2022-the-unbalance-in-human-environment-relationship-is-still-on-the-rise\/\">Earth Overshoot Day 2022: lo squilibrio nel rapporto uomo-ambiente \u00e8 ancora in aumento<\/a><\/h2>\n\t\t\t\n\t\t\t\n\t\t\t\t<div class=\"entry-content\">\n\n        \n\t\t<p>Di Alessandro Galli e Marta Antonelli Il 22 aprile 1970 si tenne la prima edizione di quella che poi \u00e8 diventata una data fondamentale per il movimento ambientalista mondiale: l'Earth Day [...]<\/p>\n\n\t\t\n\t    \n\t<\/div><!-- \/.entry-content -->\n\t\n\t\t<\/div>\n\t\t<!-- \/.post-content-inner -->\n\t<\/div>\n\t<!-- \/.post-content -->\n\t\n<\/article>\n<!-- \/.post -->\n<article id=\"post-672\" class=\"post tf_clearfix post-672 type-post status-publish format-standard hentry category-uncategorized has-post-title no-post-date has-post-category has-post-tag has-post-comment has-post-author\">\n\t    \n\t\t<div class=\"post-content\">\n\t\t<div class=\"post-content-inner\">\n\n\t\t\t\n\t\t\t<h2 class=\"post-title entry-title\"><a href=\"https:\/\/foodnected.org\/it\/sustainable-food-production-in-montenegro-interview-with-our-partner-czip\/\">Produzione alimentare sostenibile in Montenegro: intervista al nostro partner CZIP<\/a><\/h2>\n\t\t\t\n\t\t\t\n\t\t\t\t<div class=\"entry-content\">\n\n        \n\t\t<p>Il Centro per la protezione e la ricerca sugli uccelli o CZIP \u00e8 uno dei partner di Foodnected in Montenegro, insieme all'associazione MSJA del Dr. Martin Schneider Jacoby. Entrambi sono investiti in [...]<\/p>\n\n\t\t\n\t    \n\t<\/div><!-- \/.entry-content -->\n\t\n\t\t<\/div>\n\t\t<!-- \/.post-content-inner -->\n\t<\/div>\n\t<!-- \/.post-content -->\n\t\n<\/article>\n<!-- \/.post -->\n<article id=\"post-634\" class=\"post tf_clearfix post-634 type-post status-publish format-standard hentry category-uncategorized tag-eu tag-fisheries tag-producers tag-smallscale has-post-title no-post-date has-post-category has-post-tag has-post-comment has-post-author\">\n\t    \n\t\t<div class=\"post-content\">\n\t\t<div class=\"post-content-inner\">\n\n\t\t\t\n\t\t\t<h2 class=\"post-title entry-title\"><a href=\"https:\/\/foodnected.org\/it\/fisheries-producers-organisations-for-small-scale-fishers-a-vital-step-to-take\/\">Organizzazioni di produttori della pesca per i piccoli pescatori: un passo fondamentale da compiere<\/a><\/h2>\n\t\t\t\n\t\t\t\n\t\t\t\t<div class=\"entry-content\">\n\n        \n\t\t<p>Uno dei problemi che il settore della piccola pesca deve affrontare \u00e8 la mancanza di una rappresentanza specifica negli organi ufficiali della professione. Ci\u00f2 \u00e8 particolarmente vero in Francia, dove [...]<\/p>\n\n\t\t\n\t    \n\t<\/div><!-- \/.entry-content -->\n\t\n\t\t<\/div>\n\t\t<!-- \/.post-content-inner -->\n\t<\/div>\n\t<!-- \/.post-content -->\n\t\n<\/article>\n<!-- \/.post -->\n<article id=\"post-629\" class=\"post tf_clearfix post-629 type-post status-publish format-standard hentry category-uncategorized has-post-title no-post-date has-post-category has-post-tag has-post-comment has-post-author\">\n\t    \n\t\t<div class=\"post-content\">\n\t\t<div class=\"post-content-inner\">\n\n\t\t\t\n\t\t\t<h2 class=\"post-title entry-title\"><a href=\"https:\/\/foodnected.org\/it\/the-path-to-fairer-and-more-sustainable-food-systems-starts-with-the-relationship-between-consumers-and-producers\/\">Il percorso verso sistemi alimentari pi\u00f9 equi e sostenibili inizia dal rapporto tra consumatori e produttori\".<\/a><\/h2>\n\t\t\t\n\t\t\t\n\t\t\t\t<div class=\"entry-content\">\n\n        \n\t\t<p>Yolda \u00e8 un'organizzazione per la conservazione della natura fondata nel 2015. Fin dall'inizio, l'attenzione di Yolda si \u00e8 concentrata sulle pratiche culturali tradizionali e sui sistemi di produzione che vanno a beneficio sia della conservazione della biodiversit\u00e0 che del clima [...]<\/p>\n\n\t\t\n\t    \n\t<\/div><!-- \/.entry-content -->\n\t\n\t\t<\/div>\n\t\t<!-- \/.post-content-inner -->\n\t<\/div>\n\t<!-- \/.post-content -->\n\t\n<\/article>\n<!-- \/.post -->\n<\/div><!-- .builder-posts-wrap -->\n    <\/div>\n    <!-- \/module post -->\n\t\t\t\t<\/div><!-- .tb-column-inner -->\n\t\t\t\t\t\t<\/div><!-- .module_column -->\n\t\t\t\t\t\t<\/div><!-- .subrow_inner -->\n\t\t<\/div><!-- .themify_builder_sub_row -->\n\t\t\t\t\t\t<div  data-lazy=\"1\" class=\"module_subrow themify_builder_sub_row tb_dciz219 tf_w tf_clearfix\">\n\t\t\t\t\t<div class=\"subrow_inner col_align_top tb_col_count_1 tf_box tf_w\">\n\t\t\t\t\t<div  data-lazy=\"1\" class=\"module_column sub_column col-full tb_pwiq219 first\">\n\t\t\t\t\t\t\t<\/div><!-- .module_column -->\n\t\t\t\t\t\t<\/div><!-- .subrow_inner -->\n\t\t<\/div><!-- .themify_builder_sub_row -->\n\t\t\t\t\t\t\t\t<\/div><!-- .tb-column-inner -->\n\t\t\t\t\t\t<\/div><!-- .module_column -->\n\t\t\t\t\t\t<\/div><!-- .row_inner -->\n\t\t<\/div><!-- .module_row -->\n\t\t\t\t<\/div>\n<!--\/themify_builder_content-->","protected":false},"excerpt":{"rendered":"<p>Notizie<\/p>","protected":false},"author":1,"featured_media":0,"parent":0,"menu_order":0,"comment_status":"closed","ping_status":"closed","template":"","meta":{"footnotes":""},"class_list":["post-272","page","type-page","status-publish","hentry","has-post-title","has-post-date","has-post-category","has-post-tag","has-post-comment","has-post-author",""],"builder_content":"<img src=\"https:\/\/foodnected.org\/wp-content\/uploads\/2021\/06\/leaf-icon.png\" title=\"News\" alt=\"News\"> News","_links":{"self":[{"href":"https:\/\/foodnected.org\/it\/wp-json\/wp\/v2\/pages\/272","targetHints":{"allow":["GET"]}}],"collection":[{"href":"https:\/\/foodnected.org\/it\/wp-json\/wp\/v2\/pages"}],"about":[{"href":"https:\/\/foodnected.org\/it\/wp-json\/wp\/v2\/types\/page"}],"author":[{"embeddable":true,"href":"https:\/\/foodnected.org\/it\/wp-json\/wp\/v2\/users\/1"}],"replies":[{"embeddable":true,"href":"https:\/\/foodnected.org\/it\/wp-json\/wp\/v2\/comments?post=272"}],"version-history":[{"count":7,"href":"https:\/\/foodnected.org\/it\/wp-json\/wp\/v2\/pages\/272\/revisions"}],"predecessor-version":[{"id":548,"href":"https:\/\/foodnected.org\/it\/wp-json\/wp\/v2\/pages\/272\/revisions\/548"}],"wp:attachment":[{"href":"https:\/\/foodnected.org\/it\/wp-json\/wp\/v2\/media?parent=272"}],"curies":[{"name":"wp","href":"https:\/\/api.w.org\/{rel}","templated":true}]}}