{"id":272,"date":"2021-06-21T10:53:08","date_gmt":"2021-06-21T10:53:08","guid":{"rendered":"https:\/\/foodnected.org\/?page_id=272"},"modified":"2021-07-27T17:38:23","modified_gmt":"2021-07-27T17:38:23","slug":"news","status":"publish","type":"page","link":"https:\/\/foodnected.org\/fr\/news\/","title":{"rendered":"Nouvelles"},"content":{"rendered":"<!--themify_builder_content-->\n<div id=\"themify_builder_content-272\" data-postid=\"272\" class=\"themify_builder_content themify_builder_content-272 themify_builder tf_clear\">\n    \t\t\t\t<!-- module_row -->\n\t\t<div  data-css_id=\"vthq212\" data-lazy=\"1\" class=\"module_row themify_builder_row fullwidth tb_vthq212 tb_first tf_w tf_clearfix\">\n\t\t<div class=\"builder_row_cover tf_abs\"><\/div>\t\t\t<div class=\"row_inner col_align_top tb_col_count_1 tf_box tf_rel\">\n\t\t\t\t\t<div  data-lazy=\"1\" class=\"module_column tb-column col-full tb_qaxz213 first\">\n\t\t\t\t\t\t\t\t\t<div class=\"tb-column-inner tf_box tf_w\">\n\t\t\t\t\t\t<div  data-lazy=\"1\" class=\"module_subrow themify_builder_sub_row tb_lda7213 tf_w tf_clearfix\">\n\t\t\t\t\t<div class=\"subrow_inner col_align_top tb_col_count_3 tf_box tf_w\">\n\t\t\t\t\t<div  data-lazy=\"1\" class=\"module_column sub_column col3-1 tb_ffnw215 first\">\n\t\t\t\t\t\t\t\t\t<div class=\"tb-column-inner tf_box tf_w\">\n\t\t\t\t<!-- module icon -->\n<div  class=\"module module-icon tb_sec3216  large circle icon_horizontal tf_textl\" data-lazy=\"1\">\n\t\t\t<div class=\"module-icon-item\">\n\t\t\t\t\t\t\t\t\t\t\t\t\t\t\t\t<img loading=\"lazy\" decoding=\"async\" width=\"58\" height=\"58\" src=\"https:\/\/foodnected.org\/wp-content\/uploads\/2021\/06\/leaf-icon.png\" class=\"tf_box wp-post-image wp-image-79\" title=\"Nouvelles\" alt=\"News\">\t\t\t\t\t\t\t\t\t\t\t\t\t\t\t\t\t\t\t<span>Nouvelles<\/span>\n\t\t\t\t\t\t\t\t\t\t\t\t\t\t\t<\/div>\n\t<\/div>\n<!-- \/module icon -->\n\t\t\t\t<\/div><!-- .tb-column-inner -->\n\t\t\t\t\t\t<\/div><!-- .module_column -->\n\t\t\t\t\t<div  data-lazy=\"1\" class=\"module_column sub_column col3-1 tb_2vfe216\">\n\t\t\t\t\t\t\t<\/div><!-- .module_column -->\n\t\t\t\t\t<div  data-lazy=\"1\" class=\"module_column sub_column col3-1 tb_fxpc217 last\">\n\t\t\t\t\t\t\t<\/div><!-- .module_column -->\n\t\t\t\t\t\t<\/div><!-- .subrow_inner -->\n\t\t<\/div><!-- .themify_builder_sub_row -->\n\t\t\t\t\t\t<div  data-lazy=\"1\" class=\"module_subrow themify_builder_sub_row tb_k774217 tf_w tf_clearfix\">\n\t\t\t\t\t<div class=\"subrow_inner col_align_top tb_col_count_1 tf_box tf_w\">\n\t\t\t\t\t<div  data-lazy=\"1\" class=\"module_column sub_column col-full tb_ixep218 first\">\n\t\t\t\t\t\t\t\t\t<div class=\"tb-column-inner tf_box tf_w\">\n\t\t\t\t<!-- module post -->\n<div  class=\"module module-post tb_rfkk519\">\n        <div  class=\"builder-posts-wrap loops-wrapper list-thumb-image classic tf_clear tf_clearfix\" data-lazy=\"1\">\n\t<article id=\"post-692\" class=\"post tf_clearfix post-692 type-post status-publish format-standard hentry category-uncategorized tag-overshoot-day has-post-title no-post-date has-post-category has-post-tag has-post-comment has-post-author\">\n\t    \n\t\t<div class=\"post-content\">\n\t\t<div class=\"post-content-inner\">\n\n\t\t\t\n\t\t\t<h2 class=\"post-title entry-title\"><a href=\"https:\/\/foodnected.org\/fr\/earth-overshoot-day-2022-the-unbalance-in-human-environment-relationship-is-still-on-the-rise\/\">Earth Overshoot Day 2022 : le d\u00e9s\u00e9quilibre des relations entre l'homme et l'environnement continue de s'accentuer<\/a><\/h2>\n\t\t\t\n\t\t\t\n\t\t\t\t<div class=\"entry-content\">\n\n        \n\t\t<p>Par Alessandro Galli et Marta Antonelli Le 22 avril 1970 a eu lieu la premi\u00e8re \u00e9dition de ce qui est devenu par la suite une date cl\u00e9 dans le mouvement environnemental mondial - la Journ\u00e9e de la Terre - [...]<\/p>\n\n\t\t\n\t    \n\t<\/div><!-- \/.entry-content -->\n\t\n\t\t<\/div>\n\t\t<!-- \/.post-content-inner -->\n\t<\/div>\n\t<!-- \/.post-content -->\n\t\n<\/article>\n<!-- \/.post -->\n<article id=\"post-672\" class=\"post tf_clearfix post-672 type-post status-publish format-standard hentry category-uncategorized has-post-title no-post-date has-post-category has-post-tag has-post-comment has-post-author\">\n\t    \n\t\t<div class=\"post-content\">\n\t\t<div class=\"post-content-inner\">\n\n\t\t\t\n\t\t\t<h2 class=\"post-title entry-title\"><a href=\"https:\/\/foodnected.org\/fr\/sustainable-food-production-in-montenegro-interview-with-our-partner-czip\/\">Production alimentaire durable au Mont\u00e9n\u00e9gro : entretien avec notre partenaire CZIP<\/a><\/h2>\n\t\t\t\n\t\t\t\n\t\t\t\t<div class=\"entry-content\">\n\n        \n\t\t<p>Le Centre de protection et de recherche sur les oiseaux (CZIP) est l'un des partenaires de Foodnected au Mont\u00e9n\u00e9gro, tout comme l'association Dr. Martin Schneider Jacoby (MSJA). Tous deux sont investis dans [...]<\/p>\n\n\t\t\n\t    \n\t<\/div><!-- \/.entry-content -->\n\t\n\t\t<\/div>\n\t\t<!-- \/.post-content-inner -->\n\t<\/div>\n\t<!-- \/.post-content -->\n\t\n<\/article>\n<!-- \/.post -->\n<article id=\"post-634\" class=\"post tf_clearfix post-634 type-post status-publish format-standard hentry category-uncategorized tag-eu tag-fisheries tag-producers tag-smallscale has-post-title no-post-date has-post-category has-post-tag has-post-comment has-post-author\">\n\t    \n\t\t<div class=\"post-content\">\n\t\t<div class=\"post-content-inner\">\n\n\t\t\t\n\t\t\t<h2 class=\"post-title entry-title\"><a href=\"https:\/\/foodnected.org\/fr\/fisheries-producers-organisations-for-small-scale-fishers-a-vital-step-to-take\/\">Les organisations de producteurs de la p\u00eache pour les petits p\u00eacheurs : une \u00e9tape essentielle \u00e0 franchir<\/a><\/h2>\n\t\t\t\n\t\t\t\n\t\t\t\t<div class=\"entry-content\">\n\n        \n\t\t<p>L'un des probl\u00e8mes auxquels est confront\u00e9 le secteur de la p\u00eache artisanale est l'absence de repr\u00e9sentation sp\u00e9cifique dans les instances officielles de la profession. C'est particuli\u00e8rement le cas en France o\u00f9 [...]<\/p>\n\n\t\t\n\t    \n\t<\/div><!-- \/.entry-content -->\n\t\n\t\t<\/div>\n\t\t<!-- \/.post-content-inner -->\n\t<\/div>\n\t<!-- \/.post-content -->\n\t\n<\/article>\n<!-- \/.post -->\n<article id=\"post-629\" class=\"post tf_clearfix post-629 type-post status-publish format-standard hentry category-uncategorized has-post-title no-post-date has-post-category has-post-tag has-post-comment has-post-author\">\n\t    \n\t\t<div class=\"post-content\">\n\t\t<div class=\"post-content-inner\">\n\n\t\t\t\n\t\t\t<h2 class=\"post-title entry-title\"><a href=\"https:\/\/foodnected.org\/fr\/the-path-to-fairer-and-more-sustainable-food-systems-starts-with-the-relationship-between-consumers-and-producers\/\">La voie vers des syst\u00e8mes alimentaires plus \u00e9quitables et plus durables commence par la relation entre les consommateurs et les producteurs.<\/a><\/h2>\n\t\t\t\n\t\t\t\n\t\t\t\t<div class=\"entry-content\">\n\n        \n\t\t<p>Yolda est une organisation de protection de la nature cr\u00e9\u00e9e en 2015. Depuis le d\u00e9but, Yolda se concentre sur les pratiques culturelles traditionnelles et les syst\u00e8mes de production qui b\u00e9n\u00e9ficient \u00e0 la fois \u00e0 la conservation de la biodiversit\u00e9 et au climat [...]<\/p>\n\n\t\t\n\t    \n\t<\/div><!-- \/.entry-content -->\n\t\n\t\t<\/div>\n\t\t<!-- \/.post-content-inner -->\n\t<\/div>\n\t<!-- \/.post-content -->\n\t\n<\/article>\n<!-- \/.post -->\n<\/div><!-- .builder-posts-wrap -->\n    <\/div>\n    <!-- \/module post -->\n\t\t\t\t<\/div><!-- .tb-column-inner -->\n\t\t\t\t\t\t<\/div><!-- .module_column -->\n\t\t\t\t\t\t<\/div><!-- .subrow_inner -->\n\t\t<\/div><!-- .themify_builder_sub_row -->\n\t\t\t\t\t\t<div  data-lazy=\"1\" class=\"module_subrow themify_builder_sub_row tb_dciz219 tf_w tf_clearfix\">\n\t\t\t\t\t<div class=\"subrow_inner col_align_top tb_col_count_1 tf_box tf_w\">\n\t\t\t\t\t<div  data-lazy=\"1\" class=\"module_column sub_column col-full tb_pwiq219 first\">\n\t\t\t\t\t\t\t<\/div><!-- .module_column -->\n\t\t\t\t\t\t<\/div><!-- .subrow_inner -->\n\t\t<\/div><!-- .themify_builder_sub_row -->\n\t\t\t\t\t\t\t\t<\/div><!-- .tb-column-inner -->\n\t\t\t\t\t\t<\/div><!-- .module_column -->\n\t\t\t\t\t\t<\/div><!-- .row_inner -->\n\t\t<\/div><!-- .module_row -->\n\t\t\t\t<\/div>\n<!--\/themify_builder_content-->","protected":false},"excerpt":{"rendered":"<p>Nouvelles<\/p>","protected":false},"author":1,"featured_media":0,"parent":0,"menu_order":0,"comment_status":"closed","ping_status":"closed","template":"","meta":{"footnotes":""},"class_list":["post-272","page","type-page","status-publish","hentry","has-post-title","has-post-date","has-post-category","has-post-tag","has-post-comment","has-post-author",""],"builder_content":"<img src=\"https:\/\/foodnected.org\/wp-content\/uploads\/2021\/06\/leaf-icon.png\" title=\"News\" alt=\"News\"> News","_links":{"self":[{"href":"https:\/\/foodnected.org\/fr\/wp-json\/wp\/v2\/pages\/272","targetHints":{"allow":["GET"]}}],"collection":[{"href":"https:\/\/foodnected.org\/fr\/wp-json\/wp\/v2\/pages"}],"about":[{"href":"https:\/\/foodnected.org\/fr\/wp-json\/wp\/v2\/types\/page"}],"author":[{"embeddable":true,"href":"https:\/\/foodnected.org\/fr\/wp-json\/wp\/v2\/users\/1"}],"replies":[{"embeddable":true,"href":"https:\/\/foodnected.org\/fr\/wp-json\/wp\/v2\/comments?post=272"}],"version-history":[{"count":7,"href":"https:\/\/foodnected.org\/fr\/wp-json\/wp\/v2\/pages\/272\/revisions"}],"predecessor-version":[{"id":548,"href":"https:\/\/foodnected.org\/fr\/wp-json\/wp\/v2\/pages\/272\/revisions\/548"}],"wp:attachment":[{"href":"https:\/\/foodnected.org\/fr\/wp-json\/wp\/v2\/media?parent=272"}],"curies":[{"name":"wp","href":"https:\/\/api.w.org\/{rel}","templated":true}]}}