{"id":28,"date":"2021-06-08T12:11:35","date_gmt":"2021-06-08T12:11:35","guid":{"rendered":"https:\/\/foodnected.org\/?page_id=28"},"modified":"2021-09-16T09:27:15","modified_gmt":"2021-09-16T09:27:15","slug":"food-finder","status":"publish","type":"page","link":"https:\/\/foodnected.org\/es\/food-finder\/","title":{"rendered":"Buscador de alimentos"},"content":{"rendered":"<!--themify_builder_content-->\n<div id=\"themify_builder_content-28\" data-postid=\"28\" class=\"themify_builder_content themify_builder_content-28 themify_builder tf_clear\">\n    \t\t\t\t<!-- module_row -->\n\t\t<div  data-css_id=\"6xue880\" data-lazy=\"1\" class=\"module_row themify_builder_row fullwidth tb_6xue880 tb_first tf_w tf_clearfix\">\n\t\t<div class=\"builder_row_cover tf_abs\"><\/div>\t\t\t<div class=\"row_inner col_align_top tb_col_count_1 tf_box tf_rel\">\n\t\t\t\t\t<div  data-lazy=\"1\" class=\"module_column tb-column col-full tb_4o4k881 first\">\n\t\t\t\t\t\t\t\t\t<div class=\"tb-column-inner tf_box tf_w\">\n\t\t\t\t\t\t<div  data-lazy=\"1\" class=\"module_subrow themify_builder_sub_row tb_hs5p881 tf_w tf_clearfix\">\n\t\t\t\t\t<div class=\"subrow_inner col_align_top tb_col_count_1 tf_box tf_w\">\n\t\t\t\t\t<div  data-lazy=\"1\" class=\"module_column sub_column col-full tb_7amp884 first\">\n\t\t\t\t\t\t\t\t\t<div class=\"tb-column-inner tf_box tf_w\">\n\t\t\t\t<!-- module text -->\n<div  class=\"module module-text tb_u6pq744\" data-lazy=\"1\">\n        <div  class=\"tb_text_wrap\">\n    <p>Foodnected pretende facilitar la aparici\u00f3n de sistemas alimentarios de cadena corta que funcionen para los consumidores, los peque\u00f1os productores y el propio planeta. El proyecto trabaja para reforzar la visibilidad y viabilidad de estas cadenas de valor justas. Aqu\u00ed hay un mapa de nuestros miembros: encontrar\u00e1 informaci\u00f3n sobre su ubicaci\u00f3n y c\u00f3mo ponerse en contacto con ellos.<\/p>    <\/div>\n<\/div>\n<!-- \/module text --><!-- module plain text -->\n<div  class=\"module module-plain-text tb_k9xa788\" data-lazy=\"1\">\n        <div class=\"tb_text_wrap\">\n\t<div class=\"map_wrapper\" id=\"map_wrapper_286\">\n<div class=\"map_box\" style=\"max-width:2000px\">\n<div class=\"map_aspect_ratio\" style=\"padding-top:56%\" data-padding-top=\"56%\" data-padding-top-mobile=\"\">\n<div class=\"map_container\">\n<div class=\"map_render map_loading\" id=\"map_286\"><\/div>\n<\/div>\n<\/div>\n<\/div>\n<\/div>    <\/div>\n<\/div>\n<!-- \/module plain text -->\t\t\t\t<\/div><!-- .tb-column-inner -->\n\t\t\t\t\t\t<\/div><!-- .module_column -->\n\t\t\t\t\t\t<\/div><!-- .subrow_inner -->\n\t\t<\/div><!-- .themify_builder_sub_row -->\n\t\t\t\t\t\t\t\t<\/div><!-- .tb-column-inner -->\n\t\t\t\t\t\t<\/div><!-- .module_column -->\n\t\t\t\t\t\t<\/div><!-- .row_inner -->\n\t\t<\/div><!-- .module_row -->\n\t\t\t\t<\/div>\n<!--\/themify_builder_content-->","protected":false},"excerpt":{"rendered":"<p>Foodnected intends to facilitate the emergence of short-chain food systems that work for consumers, small-scale producers and the planet itself. The project works to strengthen the visibility and viability of [&hellip;]<\/p>","protected":false},"author":1,"featured_media":0,"parent":0,"menu_order":0,"comment_status":"closed","ping_status":"closed","template":"","meta":{"footnotes":""},"class_list":["post-28","page","type-page","status-publish","hentry","has-post-title","has-post-date","has-post-category","has-post-tag","has-post-comment","has-post-author",""],"builder_content":"<p>Foodnected intends to facilitate the emergence of short-chain food systems that work for consumers, small-scale producers and the planet itself. The project works to strengthen the visibility and viability of these fair value chains. Here is a map of our members: you will find information about their location and how to contact them.<\/p>\n[display-map id='286']","_links":{"self":[{"href":"https:\/\/foodnected.org\/es\/wp-json\/wp\/v2\/pages\/28","targetHints":{"allow":["GET"]}}],"collection":[{"href":"https:\/\/foodnected.org\/es\/wp-json\/wp\/v2\/pages"}],"about":[{"href":"https:\/\/foodnected.org\/es\/wp-json\/wp\/v2\/types\/page"}],"author":[{"embeddable":true,"href":"https:\/\/foodnected.org\/es\/wp-json\/wp\/v2\/users\/1"}],"replies":[{"embeddable":true,"href":"https:\/\/foodnected.org\/es\/wp-json\/wp\/v2\/comments?post=28"}],"version-history":[{"count":21,"href":"https:\/\/foodnected.org\/es\/wp-json\/wp\/v2\/pages\/28\/revisions"}],"predecessor-version":[{"id":569,"href":"https:\/\/foodnected.org\/es\/wp-json\/wp\/v2\/pages\/28\/revisions\/569"}],"wp:attachment":[{"href":"https:\/\/foodnected.org\/es\/wp-json\/wp\/v2\/media?parent=28"}],"curies":[{"name":"wp","href":"https:\/\/api.w.org\/{rel}","templated":true}]}}