{"id":272,"date":"2021-06-21T10:53:08","date_gmt":"2021-06-21T10:53:08","guid":{"rendered":"https:\/\/foodnected.org\/?page_id=272"},"modified":"2021-07-27T17:38:23","modified_gmt":"2021-07-27T17:38:23","slug":"news","status":"publish","type":"page","link":"https:\/\/foodnected.org\/es\/news\/","title":{"rendered":"Noticias"},"content":{"rendered":"<!--themify_builder_content-->\n<div id=\"themify_builder_content-272\" data-postid=\"272\" class=\"themify_builder_content themify_builder_content-272 themify_builder tf_clear\">\n    \t\t\t\t<!-- module_row -->\n\t\t<div  data-css_id=\"vthq212\" data-lazy=\"1\" class=\"module_row themify_builder_row fullwidth tb_vthq212 tb_first tf_w tf_clearfix\">\n\t\t<div class=\"builder_row_cover tf_abs\"><\/div>\t\t\t<div class=\"row_inner col_align_top tb_col_count_1 tf_box tf_rel\">\n\t\t\t\t\t<div  data-lazy=\"1\" class=\"module_column tb-column col-full tb_qaxz213 first\">\n\t\t\t\t\t\t\t\t\t<div class=\"tb-column-inner tf_box tf_w\">\n\t\t\t\t\t\t<div  data-lazy=\"1\" class=\"module_subrow themify_builder_sub_row tb_lda7213 tf_w tf_clearfix\">\n\t\t\t\t\t<div class=\"subrow_inner col_align_top tb_col_count_3 tf_box tf_w\">\n\t\t\t\t\t<div  data-lazy=\"1\" class=\"module_column sub_column col3-1 tb_ffnw215 first\">\n\t\t\t\t\t\t\t\t\t<div class=\"tb-column-inner tf_box tf_w\">\n\t\t\t\t<!-- module icon -->\n<div  class=\"module module-icon tb_sec3216  large circle icon_horizontal tf_textl\" data-lazy=\"1\">\n\t\t\t<div class=\"module-icon-item\">\n\t\t\t\t\t\t\t\t\t\t\t\t\t\t\t\t<img loading=\"lazy\" decoding=\"async\" width=\"58\" height=\"58\" src=\"https:\/\/foodnected.org\/wp-content\/uploads\/2021\/06\/leaf-icon.png\" class=\"tf_box wp-post-image wp-image-79\" title=\"Noticias\" alt=\"News\">\t\t\t\t\t\t\t\t\t\t\t\t\t\t\t\t\t\t\t<span>Noticias<\/span>\n\t\t\t\t\t\t\t\t\t\t\t\t\t\t\t<\/div>\n\t<\/div>\n<!-- \/module icon -->\n\t\t\t\t<\/div><!-- .tb-column-inner -->\n\t\t\t\t\t\t<\/div><!-- .module_column -->\n\t\t\t\t\t<div  data-lazy=\"1\" class=\"module_column sub_column col3-1 tb_2vfe216\">\n\t\t\t\t\t\t\t<\/div><!-- .module_column -->\n\t\t\t\t\t<div  data-lazy=\"1\" class=\"module_column sub_column col3-1 tb_fxpc217 last\">\n\t\t\t\t\t\t\t<\/div><!-- .module_column -->\n\t\t\t\t\t\t<\/div><!-- .subrow_inner -->\n\t\t<\/div><!-- .themify_builder_sub_row -->\n\t\t\t\t\t\t<div  data-lazy=\"1\" class=\"module_subrow themify_builder_sub_row tb_k774217 tf_w tf_clearfix\">\n\t\t\t\t\t<div class=\"subrow_inner col_align_top tb_col_count_1 tf_box tf_w\">\n\t\t\t\t\t<div  data-lazy=\"1\" class=\"module_column sub_column col-full tb_ixep218 first\">\n\t\t\t\t\t\t\t\t\t<div class=\"tb-column-inner tf_box tf_w\">\n\t\t\t\t<!-- module post -->\n<div  class=\"module module-post tb_rfkk519\">\n        <div  class=\"builder-posts-wrap loops-wrapper list-thumb-image classic tf_clear tf_clearfix\" data-lazy=\"1\">\n\t<article id=\"post-692\" class=\"post tf_clearfix post-692 type-post status-publish format-standard hentry category-uncategorized tag-overshoot-day has-post-title no-post-date has-post-category has-post-tag has-post-comment has-post-author\">\n\t    \n\t\t<div class=\"post-content\">\n\t\t<div class=\"post-content-inner\">\n\n\t\t\t\n\t\t\t<h2 class=\"post-title entry-title\"><a href=\"https:\/\/foodnected.org\/es\/earth-overshoot-day-2022-the-unbalance-in-human-environment-relationship-is-still-on-the-rise\/\">D\u00eda del Sobregiro de la Tierra 2022: el desequilibrio en la relaci\u00f3n entre el hombre y el medio ambiente sigue en aumento<\/a><\/h2>\n\t\t\t\n\t\t\t\n\t\t\t\t<div class=\"entry-content\">\n\n        \n\t\t<p>Por Alessandro Galli y Marta Antonelli El 22 de abril de 1970 se celebr\u00f3 la primera edici\u00f3n de lo que m\u00e1s tarde se convertir\u00eda en una fecha clave del movimiento ecologista mundial: el D\u00eda de la Tierra [...].<\/p>\n\n\t\t\n\t    \n\t<\/div><!-- \/.entry-content -->\n\t\n\t\t<\/div>\n\t\t<!-- \/.post-content-inner -->\n\t<\/div>\n\t<!-- \/.post-content -->\n\t\n<\/article>\n<!-- \/.post -->\n<article id=\"post-672\" class=\"post tf_clearfix post-672 type-post status-publish format-standard hentry category-uncategorized has-post-title no-post-date has-post-category has-post-tag has-post-comment has-post-author\">\n\t    \n\t\t<div class=\"post-content\">\n\t\t<div class=\"post-content-inner\">\n\n\t\t\t\n\t\t\t<h2 class=\"post-title entry-title\"><a href=\"https:\/\/foodnected.org\/es\/sustainable-food-production-in-montenegro-interview-with-our-partner-czip\/\">Producci\u00f3n sostenible de alimentos en Montenegro: entrevista con nuestro socio CZIP<\/a><\/h2>\n\t\t\t\n\t\t\t\n\t\t\t\t<div class=\"entry-content\">\n\n        \n\t\t<p>El Centro de Protecci\u00f3n e Investigaci\u00f3n de las Aves o CZIP es uno de los socios de Foodnected en Montenegro, junto con la asociaci\u00f3n Dr. Martin Schneider Jacoby MSJA. Ambos invierten en [...]<\/p>\n\n\t\t\n\t    \n\t<\/div><!-- \/.entry-content -->\n\t\n\t\t<\/div>\n\t\t<!-- \/.post-content-inner -->\n\t<\/div>\n\t<!-- \/.post-content -->\n\t\n<\/article>\n<!-- \/.post -->\n<article id=\"post-634\" class=\"post tf_clearfix post-634 type-post status-publish format-standard hentry category-uncategorized tag-eu tag-fisheries tag-producers tag-smallscale has-post-title no-post-date has-post-category has-post-tag has-post-comment has-post-author\">\n\t    \n\t\t<div class=\"post-content\">\n\t\t<div class=\"post-content-inner\">\n\n\t\t\t\n\t\t\t<h2 class=\"post-title entry-title\"><a href=\"https:\/\/foodnected.org\/es\/fisheries-producers-organisations-for-small-scale-fishers-a-vital-step-to-take\/\">Organizaciones de productores pesqueros para pescadores artesanales: un paso fundamental<\/a><\/h2>\n\t\t\t\n\t\t\t\n\t\t\t\t<div class=\"entry-content\">\n\n        \n\t\t<p>Uno de los problemas a los que se enfrenta el sector de la pesca artesanal es la falta de una representaci\u00f3n espec\u00edfica en los organismos oficiales de la profesi\u00f3n. Es el caso, en particular, de Francia, donde [...]<\/p>\n\n\t\t\n\t    \n\t<\/div><!-- \/.entry-content -->\n\t\n\t\t<\/div>\n\t\t<!-- \/.post-content-inner -->\n\t<\/div>\n\t<!-- \/.post-content -->\n\t\n<\/article>\n<!-- \/.post -->\n<article id=\"post-629\" class=\"post tf_clearfix post-629 type-post status-publish format-standard hentry category-uncategorized has-post-title no-post-date has-post-category has-post-tag has-post-comment has-post-author\">\n\t    \n\t\t<div class=\"post-content\">\n\t\t<div class=\"post-content-inner\">\n\n\t\t\t\n\t\t\t<h2 class=\"post-title entry-title\"><a href=\"https:\/\/foodnected.org\/es\/the-path-to-fairer-and-more-sustainable-food-systems-starts-with-the-relationship-between-consumers-and-producers\/\">El camino hacia unos sistemas alimentarios m\u00e1s justos y sostenibles empieza por la relaci\u00f3n entre consumidores y productores\".<\/a><\/h2>\n\t\t\t\n\t\t\t\n\t\t\t\t<div class=\"entry-content\">\n\n        \n\t\t<p>Yolda es una organizaci\u00f3n de conservaci\u00f3n de la naturaleza creada en 2015. Desde el principio, Yolda se ha centrado en las pr\u00e1cticas culturales y los sistemas de producci\u00f3n tradicionales que benefician tanto a la conservaci\u00f3n de la biodiversidad como al clima [...].<\/p>\n\n\t\t\n\t    \n\t<\/div><!-- \/.entry-content -->\n\t\n\t\t<\/div>\n\t\t<!-- \/.post-content-inner -->\n\t<\/div>\n\t<!-- \/.post-content -->\n\t\n<\/article>\n<!-- \/.post -->\n<\/div><!-- .builder-posts-wrap -->\n    <\/div>\n    <!-- \/module post -->\n\t\t\t\t<\/div><!-- .tb-column-inner -->\n\t\t\t\t\t\t<\/div><!-- .module_column -->\n\t\t\t\t\t\t<\/div><!-- .subrow_inner -->\n\t\t<\/div><!-- .themify_builder_sub_row -->\n\t\t\t\t\t\t<div  data-lazy=\"1\" class=\"module_subrow themify_builder_sub_row tb_dciz219 tf_w tf_clearfix\">\n\t\t\t\t\t<div class=\"subrow_inner col_align_top tb_col_count_1 tf_box tf_w\">\n\t\t\t\t\t<div  data-lazy=\"1\" class=\"module_column sub_column col-full tb_pwiq219 first\">\n\t\t\t\t\t\t\t<\/div><!-- .module_column -->\n\t\t\t\t\t\t<\/div><!-- .subrow_inner -->\n\t\t<\/div><!-- .themify_builder_sub_row -->\n\t\t\t\t\t\t\t\t<\/div><!-- .tb-column-inner -->\n\t\t\t\t\t\t<\/div><!-- .module_column -->\n\t\t\t\t\t\t<\/div><!-- .row_inner -->\n\t\t<\/div><!-- .module_row -->\n\t\t\t\t<\/div>\n<!--\/themify_builder_content-->","protected":false},"excerpt":{"rendered":"<p>Noticias<\/p>","protected":false},"author":1,"featured_media":0,"parent":0,"menu_order":0,"comment_status":"closed","ping_status":"closed","template":"","meta":{"footnotes":""},"class_list":["post-272","page","type-page","status-publish","hentry","has-post-title","has-post-date","has-post-category","has-post-tag","has-post-comment","has-post-author",""],"builder_content":"<img src=\"https:\/\/foodnected.org\/wp-content\/uploads\/2021\/06\/leaf-icon.png\" title=\"News\" alt=\"News\"> News","_links":{"self":[{"href":"https:\/\/foodnected.org\/es\/wp-json\/wp\/v2\/pages\/272","targetHints":{"allow":["GET"]}}],"collection":[{"href":"https:\/\/foodnected.org\/es\/wp-json\/wp\/v2\/pages"}],"about":[{"href":"https:\/\/foodnected.org\/es\/wp-json\/wp\/v2\/types\/page"}],"author":[{"embeddable":true,"href":"https:\/\/foodnected.org\/es\/wp-json\/wp\/v2\/users\/1"}],"replies":[{"embeddable":true,"href":"https:\/\/foodnected.org\/es\/wp-json\/wp\/v2\/comments?post=272"}],"version-history":[{"count":7,"href":"https:\/\/foodnected.org\/es\/wp-json\/wp\/v2\/pages\/272\/revisions"}],"predecessor-version":[{"id":548,"href":"https:\/\/foodnected.org\/es\/wp-json\/wp\/v2\/pages\/272\/revisions\/548"}],"wp:attachment":[{"href":"https:\/\/foodnected.org\/es\/wp-json\/wp\/v2\/media?parent=272"}],"curies":[{"name":"wp","href":"https:\/\/api.w.org\/{rel}","templated":true}]}}