{"id":26,"date":"2021-06-08T12:11:12","date_gmt":"2021-06-08T12:11:12","guid":{"rendered":"https:\/\/foodnected.org\/?page_id=26"},"modified":"2021-06-28T23:08:58","modified_gmt":"2021-06-28T23:08:58","slug":"food-footprint","status":"publish","type":"page","link":"https:\/\/foodnected.org\/es\/food-footprint\/","title":{"rendered":"Huella alimentaria"},"content":{"rendered":"<!--themify_builder_content-->\n<div id=\"themify_builder_content-26\" data-postid=\"26\" class=\"themify_builder_content themify_builder_content-26 themify_builder tf_clear\">\n    \t\t\t\t<!-- module_row -->\n\t\t<div  data-css_id=\"7vjf286\" data-lazy=\"1\" class=\"module_row themify_builder_row fullwidth tb_7vjf286 tb_first tf_w tf_clearfix\">\n\t\t\t\t\t<div class=\"row_inner gutter-none col_align_top tb_col_count_2 tf_box tf_rel\">\n\t\t\t\t\t<div  data-lazy=\"1\" class=\"module_column tb-column col4-2 tb_ennr286 first\">\n\t\t<div class=\"builder_row_cover tf_abs\"><\/div>\t\t\t\t\t\t\t<div class=\"tb-column-inner tf_box tf_w\">\n\t\t\t\t\t\t<div  data-lazy=\"1\" class=\"module_subrow themify_builder_sub_row tb_iigg287 tf_w tf_clearfix\">\n\t\t\t\t\t<div class=\"subrow_inner col_align_top tb_col_count_2 tf_box tf_w\">\n\t\t\t\t\t<div  data-lazy=\"1\" class=\"module_column sub_column col4-2 tb_qjty288 first\">\n\t\t\t\t\t\t\t<\/div><!-- .module_column -->\n\t\t\t\t\t<div  data-lazy=\"1\" class=\"module_column sub_column col4-2 tb_ji47288 last\">\n\t\t\t\t\t\t\t\t\t<div class=\"tb-column-inner tf_box tf_w\">\n\t\t\t\t<!-- module icon -->\n<div  class=\"module module-icon tb_yvui289  large circle icon_horizontal tf_textl\" data-lazy=\"1\">\n\t\t\t<div class=\"module-icon-item\">\n\t\t\t\t\t\t\t\t\t\t\t\t\t\t\t\t<img loading=\"lazy\" decoding=\"async\" width=\"58\" height=\"58\" src=\"https:\/\/foodnected.org\/wp-content\/uploads\/2021\/06\/leaf-icon.png\" class=\"tf_box wp-post-image wp-image-79\" title=\"Huella alimentaria\" alt=\"Food Footprint\">\t\t\t\t\t\t\t\t\t\t\t\t\t\t\t\t\t\t\t<span>Huella alimentaria<\/span>\n\t\t\t\t\t\t\t\t\t\t\t\t\t\t\t<\/div>\n\t<\/div>\n<!-- \/module icon -->\n\t\t\t\t<\/div><!-- .tb-column-inner -->\n\t\t\t\t\t\t<\/div><!-- .module_column -->\n\t\t\t\t\t\t<\/div><!-- .subrow_inner -->\n\t\t<\/div><!-- .themify_builder_sub_row -->\n\t\t\t\t<!-- module text -->\n<div  class=\"module module-text tb_iw9u289\" data-lazy=\"1\">\n        <div  class=\"tb_text_wrap\">\n    <h2 style=\"text-align: center;\">\u00bfQu\u00e9 es la huella ecol\u00f3gica?<\/h2>\n<p style=\"text-align: center;\">Es un c\u00e1lculo del uso de los recursos naturales que eval\u00faa el impacto medioambiental. Mide la demanda y la oferta de la naturaleza y aborda el consumo de individuos, ciudades o naciones enteras.<\/p>\n<p style=\"text-align: center;\">La Huella Ecol\u00f3gica hace un seguimiento del uso de las superficies productivas. Normalmente, estas \u00e1reas son: tierras de cultivo, tierras de pastoreo, zonas de pesca, tierras edificadas, superficie forestal y demanda de carbono en la tierra.<\/p>\n<p style=\"text-align: center;\"><em><strong>Mide la cantidad de naturaleza que tenemos y la que utilizamos.<\/strong><\/em><\/p>\n<h2 style=\"text-align: center;\">\u00bfY la comida?<\/h2>\n<p style=\"text-align: center;\">El consumo de alimentos en todo el mundo provoca unas 26% de la Huella Ecol\u00f3gica de la humanidad. En la regi\u00f3n mediterr\u00e1nea, por ejemplo, el replanteamiento de nuestras dietas podr\u00eda conducir a una reducci\u00f3n de la Huella Ecol\u00f3gica de la regi\u00f3n de hasta 10%.<\/p>\n<p style=\"text-align: center;\"><em><strong>\u00bfQu\u00e9 parte de tu Huella Ecol\u00f3gica est\u00e1 causada por tus h\u00e1bitos alimentarios?<\/strong><\/em><\/p>    <\/div>\n<\/div>\n<!-- \/module text --><!-- module buttons -->\n<div  class=\"module module-buttons tb_a3f9147 buttons-horizontal outline  rounded\" data-lazy=\"1\">\n\t\t<div class=\"module-buttons-item tf_inline_b\">\n\t\t\t\t\t\t<a href=\"https:\/\/www.footprintcalculator.org\/\" class=\"ui builder_button tb_default_color\" target=\"_blank\" rel=\"noopener\">\n\t\t\t\t\t\t\t\t<span class=\"tf_inline_b tf_vmiddle\">MIDE TU IMPACTO<\/span>\n\t\t\t\t\t\t\t\t\t\t\t\t<\/a>\n\t\t\t\t\t\t<\/div>\n\t\t\t<\/div>\n<!-- \/module buttons -->\n<!-- module video -->\n<div  class=\"module module-video tb_6y2594 video-overlay\" data-lazy=\"1\">\n    \t\t\t\t<div class=\"video-wrap-outer\">\n\t\t\t<div class=\"video-wrap tf_rel tf_overflow\">\n\t\t\t\t\t\t\t\t\t<noscript><iframe data-no-script src=\"https:\/\/www.youtube.com\/embed\/d07B3_aFzK8?pip=1&playsinline=1&autohide=1&border=0&wmode=opaque\" allow=\"accelerometer;encrypted-media;gyroscope;picture-in-picture;fullscreen\" class=\"tf_abs tf_w tf_h\"><\/iframe><\/noscript>\n\t\t\t\t    \t\t\t<\/div>\n\t\t\t<!-- \/video-wrap -->\n\t\t<\/div>\n\t\t<!-- \/video-wrap-outer -->\n\t\t\t<\/div>\n\t\t\t\t<\/div><!-- .tb-column-inner -->\n\t\t\t\t\t\t<\/div><!-- .module_column -->\n\t\t\t\t\t<div  data-lazy=\"1\" class=\"module_column tb-column col4-2 tb_td9l289 last\">\n\t\t\t\t\t\t\t<\/div><!-- .module_column -->\n\t\t\t\t\t\t<\/div><!-- .row_inner -->\n\t\t<\/div><!-- .module_row -->\n\t\t\t\t<\/div>\n<!--\/themify_builder_content-->","protected":false},"excerpt":{"rendered":"<p>Huella alimentaria \u00bfQu\u00e9 es la huella ecol\u00f3gica? Es un c\u00e1lculo del uso de los recursos naturales que eval\u00faa el impacto medioambiental. Mide la demanda y la oferta de la naturaleza y aborda [...]<\/p>","protected":false},"author":1,"featured_media":0,"parent":0,"menu_order":0,"comment_status":"closed","ping_status":"closed","template":"","meta":{"footnotes":""},"class_list":["post-26","page","type-page","status-publish","hentry","has-post-title","has-post-date","has-post-category","has-post-tag","has-post-comment","has-post-author",""],"builder_content":"<img src=\"https:\/\/foodnected.org\/wp-content\/uploads\/2021\/06\/leaf-icon.png\" title=\"Food Footprint\" alt=\"Food Footprint\"> Food Footprint\n<h2 style=\"text-align: center;\">What is the ecological footprint?<\/h2> <p style=\"text-align: center;\">It is a calculation of natural resource use that assess environmental impacts. It measures the demand on and supply of nature and addresses the consumption of individuals, cities, or entire nations.<\/p> <p style=\"text-align: center;\">The Ecological Footprint tracks the use of productive surface areas. Typically these areas are: cropland, grazing land, fishing grounds, built-up land, forest area, and carbon demand on land.<\/p> <p style=\"text-align: center;\"><em><strong>It measures how much nature we have and how much nature we use.<\/strong><\/em><\/p> <h2 style=\"text-align: center;\">What about food?<\/h2> <p style=\"text-align: center;\">Food consumption across the globe causes about 26% of humanity\u2019s Ecological Footprint. Within the Mediterranean region, for instance, rethinking our diets could lead to a reduction in the region\u2019s Ecological Footprint of up to 10%.<\/p> <p style=\"text-align: center;\"><em><strong>How much of your Ecological Footprint is caused by your food habits?<\/strong><\/em><\/p>\n<a href=\"https:\/\/www.footprintcalculator.org\/\" target=\"_blank\" rel=\"noopener\"> MEASURE YOUR IMPACT <\/a>\n<noscript><iframe data-no-script src=\"https:\/\/www.youtube.com\/embed\/d07B3_aFzK8?pip=1&playsinline=1&autohide=1&border=0&wmode=opaque\" allow=\"accelerometer;encrypted-media;gyroscope;picture-in-picture;fullscreen\"><\/iframe><\/noscript>","_links":{"self":[{"href":"https:\/\/foodnected.org\/es\/wp-json\/wp\/v2\/pages\/26","targetHints":{"allow":["GET"]}}],"collection":[{"href":"https:\/\/foodnected.org\/es\/wp-json\/wp\/v2\/pages"}],"about":[{"href":"https:\/\/foodnected.org\/es\/wp-json\/wp\/v2\/types\/page"}],"author":[{"embeddable":true,"href":"https:\/\/foodnected.org\/es\/wp-json\/wp\/v2\/users\/1"}],"replies":[{"embeddable":true,"href":"https:\/\/foodnected.org\/es\/wp-json\/wp\/v2\/comments?post=26"}],"version-history":[{"count":33,"href":"https:\/\/foodnected.org\/es\/wp-json\/wp\/v2\/pages\/26\/revisions"}],"predecessor-version":[{"id":494,"href":"https:\/\/foodnected.org\/es\/wp-json\/wp\/v2\/pages\/26\/revisions\/494"}],"wp:attachment":[{"href":"https:\/\/foodnected.org\/es\/wp-json\/wp\/v2\/media?parent=26"}],"curies":[{"name":"wp","href":"https:\/\/api.w.org\/{rel}","templated":true}]}}